{"id":171,"date":"2016-12-16T16:18:22","date_gmt":"2016-12-16T15:18:22","guid":{"rendered":"http:\/\/www.aufkleber-druck-profi.de\/?page_id=171"},"modified":"2017-08-17T08:03:38","modified_gmt":"2017-08-17T06:03:38","slug":"banner","status":"publish","type":"page","link":"http:\/\/www.aussenwerbung-profi.de\/?page_id=171","title":{"rendered":"Banner"},"content":{"rendered":"<p>Banner und Planen sind die Paradedisziplin eines Herstellers von Werbetechnik. Sie sind eines der aufmerksamkeitsst\u00e4rksten Marketing-In- strumente. Ob als Bandenwerbung auf dem Fu\u00dfballplatz, in Stadien und Sporthallen, bei Events oder auf Baustellen, z. B. an Ger\u00fcsten. Kaum eine andere Werbeform transportiert die Werbeaussagen so gro\u00dffl\u00e4chig und brillant mit einer dauerhaften Pr\u00e4senz.<\/p>\n<p>&nbsp;<\/p>\n<div class=\"page\" title=\"Page 2\">\n<div class=\"layoutArea\">\n<div class=\"column\">\n<p><strong>Material<\/strong><\/p>\n<p>Banner und Planen werden haupts\u00e4chlich aus diesen Materialien hergestellt:<br \/>\n&#8211; PVC- Frontlite- Planen: St\u00e4rke400gbis900g.Beidseitigbedruckbar,rei\u00dffest,blickdicht,wetterfest,abwaschbar,schwer entflammbar<br \/>\n&#8211;\u00a0Blockout-Planen (LKWPlanen):St\u00e4rke700gbis900g,beidseitigbedruckbar,blickdicht,wetterfest,schwerentflammbar<br \/>\n&#8211;\u00a0Mesh-Planen:St\u00e4rke270gbis450g,winddurchl\u00e4ssigundwetterfest,abwaschbar,schwerentflammbar<br \/>\n&#8211;\u00a0Textilbanner:St\u00e4rke210gbis320g,faltbar,knickfest,waschbar,wind-undwetterfest<\/p>\n<\/div>\n<div class=\"page\" title=\"Page 2\">\n<div class=\"layoutArea\">\n<div class=\"column\">\n<p>&nbsp;<\/p>\n<p><em>PVC-Frontlite<\/em><\/p>\n<p>Hierbei handelt es sich um ein geschlossene Gewebestruktur die mit PVC beschichtet ist. Das Planenmaterial ist vergleichbar mit einer LKW- Plane, die nur etwas schwerer ist. Die Frontlite PVC-Plane ist absolut witterungsbest\u00e4ndig, extrem rei\u00dffest und digital bedruckbar. Die Grundfarbe der Planen ist immer wei\u00df, kann aber vollfl\u00e4chig in Fotoqualit\u00e4t bedruckt werden.<\/p>\n<p><em>Mesh-Banner<\/em><br \/>\nDer Mesh-Banner ist im Grunde dasselbe Material wie die normale geschlossene Frontlite Plane. Mit dem Unterschied, das die Mesh-Netz- plane ganz fein gelocht ist, \u00e4hnlich eines Netzes. Der gro\u00dfe Vorteil von Mesh-Netzplanen sind das geringere Gewicht und die Luftdurchl\u00e4s- sigkeit, was die Segelwirkung von gro\u00dfen Werbeplanen erheblich senkt. Auch die Mesh-Netzplane l\u00e4\u00dft sich vollfl\u00e4chig in digitaler Fotoqualit\u00e4t bedrucken.<\/p>\n<p><em>Blockout\/LKW-Planen<\/em><br \/>\nDas Blockout Planenmaterial ist eine st\u00e4rkere Frontlite Plane, die im Kern eine schwarze Schicht eingearbeitet hat. Dadurch wird die Blockout Plane absolut lichtundurchl\u00e4ssig, was bei einem beidseitigen Druck unbedingt erforderlich ist.<\/p>\n<p><em>Ausf\u00fchrung<\/em><br \/>\nAlle Banner und Planen k\u00f6nnen wahlweise mit oder ohne Befestigungs\u00f6sen gefertigt werden:<br \/>\nan der L\u00e4ngs- und\/oder Querseite. So, wie es f\u00fcr die Aufstellung\/Montage ben\u00f6tigt wird. Hersteller mit einem modernen Maschinenpark sind darauf eingestellt, jegliche W\u00fcnsche individuell umzusetzen. Zur besseren Stabilit\u00e4t k\u00f6nnen die Banner auch auf Wunsch ges\u00e4umt (doppelt umgeschlagener Rand) werden.<\/p>\n<p><strong>Formate<\/strong><\/p>\n<p>Bei den Formaten haben bieten fast alle Herstellern die freie Auswahl an. Von ca. 50 x 100 cm k\u00f6nnen in 50 cm Spr\u00fcngen alle Formate gew\u00e4hlt werden. Selbst eine Gr\u00f6\u00dfe von 40 x 40 m stellt kein Problem dar, da die einzelnen Bahnen miteinander verklebt werden k\u00f6nnen (die N\u00e4hte sind bedruckt und dadurch weitgehend unsichtbar).<br \/>\nSo lassen sich beispielsweise komplette H\u00e4userw\u00e4nde mit Banner und Planen best\u00fccken.<\/p>\n<p>Eine Werbeplane im Format 6m x 8m w\u00fcrde aus zwei fest miteinander verschwei\u00dften Bannerst\u00fccken bestehen,<br \/>\nda die maximale Druckbreite erreicht w\u00fcrde. Diese Technik wird z. B. bei Verblendungen von Bauger\u00fcsten in St\u00e4dten <em>angewandt.<\/em><\/p>\n<\/div>\n<\/div>\n<\/div>\n<\/div>\n<\/div>\n","protected":false},"excerpt":{"rendered":"<p>Banner und Planen sind die Paradedisziplin eines Herstellers von Werbetechnik. Sie sind eines der aufmerksamkeitsst\u00e4rksten Marketing-In- strumente. Ob als Bandenwerbung<\/p>\n","protected":false},"author":1,"featured_media":0,"parent":0,"menu_order":0,"comment_status":"closed","ping_status":"closed","template":"","meta":{"footnotes":""},"class_list":["post-171","page","type-page","status-publish","hentry"],"_links":{"self":[{"href":"http:\/\/www.aussenwerbung-profi.de\/index.php?rest_route=\/wp\/v2\/pages\/171","targetHints":{"allow":["GET"]}}],"collection":[{"href":"http:\/\/www.aussenwerbung-profi.de\/index.php?rest_route=\/wp\/v2\/pages"}],"about":[{"href":"http:\/\/www.aussenwerbung-profi.de\/index.php?rest_route=\/wp\/v2\/types\/page"}],"author":[{"embeddable":true,"href":"http:\/\/www.aussenwerbung-profi.de\/index.php?rest_route=\/wp\/v2\/users\/1"}],"replies":[{"embeddable":true,"href":"http:\/\/www.aussenwerbung-profi.de\/index.php?rest_route=%2Fwp%2Fv2%2Fcomments&post=171"}],"version-history":[{"count":27,"href":"http:\/\/www.aussenwerbung-profi.de\/index.php?rest_route=\/wp\/v2\/pages\/171\/revisions"}],"predecessor-version":[{"id":434,"href":"http:\/\/www.aussenwerbung-profi.de\/index.php?rest_route=\/wp\/v2\/pages\/171\/revisions\/434"}],"wp:attachment":[{"href":"http:\/\/www.aussenwerbung-profi.de\/index.php?rest_route=%2Fwp%2Fv2%2Fmedia&parent=171"}],"curies":[{"name":"wp","href":"https:\/\/api.w.org\/{rel}","templated":true}]}}