{"id":177,"date":"2016-12-16T16:19:17","date_gmt":"2016-12-16T15:19:17","guid":{"rendered":"http:\/\/www.aufkleber-druck-profi.de\/?page_id=177"},"modified":"2017-08-18T10:28:47","modified_gmt":"2017-08-18T08:28:47","slug":"megaprints","status":"publish","type":"page","link":"http:\/\/www.aussenwerbung-profi.de\/?page_id=177","title":{"rendered":"Megaprints"},"content":{"rendered":"<div class=\"page\" title=\"Page 5\">\n<div class=\"layoutArea\">\n<div class=\"column\">\n<p>Wer mit offenen Augen durch die Stadt geht, sieht sie fast \u00fcberall: Megaprints (auch Gro\u00dfformatdruck oder BlowUps genannt) sind gro\u00dfe bedruckte Planen an Fassaden und Ger\u00fcsten. Oft sind ganze Geb\u00e4ude, die gerade renoviert werden, mit solchen Riesenplanen eingeh\u00fcllt, die f\u00fcr die unterschiedlichsten Branchen werben.<br \/>\nDurch die beeindruckende Gr\u00f6\u00dfe sind Megaprints un\u00fcbersehbar.<\/p>\n<p><strong>Gr\u00f6\u00dfen<\/strong><\/p>\n<p>Ab einer Gr\u00f6\u00dfe von ca. 20 m2 wird von Megaprints gesprochen. Ob 10 x 20 m oder 20 x 40 m \u2013 nach oben hin gibt es keine Gr\u00f6\u00dfenbegren- zung, da die bedruckten Einzelbahnen miteinander verklebt werden. Da auch die N\u00e4hte bedruckt sind, sind die \u00dcberg\u00e4nge beinahe unsicht- bar. So lassen Sie beispielsweise komplette H\u00e4userw\u00e4nde mit Banner und Planen best\u00fccken.<\/p>\n<p><strong>Befestigungen<\/strong><\/p>\n<p>Entweder lassen sich die Megaprints mittels stabiler Rahmen an H\u00e4userw\u00e4nden oder durch \u00d6sen an Bauger\u00fcsten wind- und wetterfest be- festigen. Es kommen auch Wechselsysteme zum Einsatz, die dem Betreiber einer Werbefl\u00e4che das regelm\u00e4\u00dfige Tauschen der Prints erm\u00f6g- licht. Eine Liftanlage f\u00e4hrt die Prints zum Motivwechsel auf Montageh\u00f6he herunter und erm\u00f6glicht ein schnelles Wechseln<br \/>\n(siehe auch <a href=\"http:\/\/www.idee-produktion.de\/?id=1300\">www.idee-produktion.de\/?id=1300<\/a>).<br \/>\nSo werden weder Arbeitsb\u00fchne oder Hubwagen ben\u00f6tigt.<\/p>\n<\/div>\n<\/div>\n<\/div>\n","protected":false},"excerpt":{"rendered":"<p>Wer mit offenen Augen durch die Stadt geht, sieht sie fast \u00fcberall: Megaprints (auch Gro\u00dfformatdruck oder BlowUps genannt) sind gro\u00dfe<\/p>\n","protected":false},"author":1,"featured_media":0,"parent":0,"menu_order":0,"comment_status":"closed","ping_status":"closed","template":"","meta":{"footnotes":""},"class_list":["post-177","page","type-page","status-publish","hentry"],"_links":{"self":[{"href":"http:\/\/www.aussenwerbung-profi.de\/index.php?rest_route=\/wp\/v2\/pages\/177","targetHints":{"allow":["GET"]}}],"collection":[{"href":"http:\/\/www.aussenwerbung-profi.de\/index.php?rest_route=\/wp\/v2\/pages"}],"about":[{"href":"http:\/\/www.aussenwerbung-profi.de\/index.php?rest_route=\/wp\/v2\/types\/page"}],"author":[{"embeddable":true,"href":"http:\/\/www.aussenwerbung-profi.de\/index.php?rest_route=\/wp\/v2\/users\/1"}],"replies":[{"embeddable":true,"href":"http:\/\/www.aussenwerbung-profi.de\/index.php?rest_route=%2Fwp%2Fv2%2Fcomments&post=177"}],"version-history":[{"count":7,"href":"http:\/\/www.aussenwerbung-profi.de\/index.php?rest_route=\/wp\/v2\/pages\/177\/revisions"}],"predecessor-version":[{"id":316,"href":"http:\/\/www.aussenwerbung-profi.de\/index.php?rest_route=\/wp\/v2\/pages\/177\/revisions\/316"}],"wp:attachment":[{"href":"http:\/\/www.aussenwerbung-profi.de\/index.php?rest_route=%2Fwp%2Fv2%2Fmedia&parent=177"}],"curies":[{"name":"wp","href":"https:\/\/api.w.org\/{rel}","templated":true}]}}