{"id":181,"date":"2016-12-16T16:19:37","date_gmt":"2016-12-16T15:19:37","guid":{"rendered":"http:\/\/www.aufkleber-druck-profi.de\/?page_id=181"},"modified":"2017-08-17T10:37:50","modified_gmt":"2017-08-17T08:37:50","slug":"werbemasten","status":"publish","type":"page","link":"http:\/\/www.aussenwerbung-profi.de\/?page_id=181","title":{"rendered":"Werbemasten"},"content":{"rendered":"<div class=\"page\" title=\"Page 5\">\n<div class=\"layoutArea\">\n<div class=\"column\">\n<p>Werbet\u00fcrme (auch Werbemasten genannt) \u00fcberragen die Umgebung und ziehen alle Blicke auf sich.<br \/>\nZahlreichen Rastst\u00e4tten, Einkaufszen- tren und M\u00f6belh\u00e4user setzen bereits auf eindrucksvolle Konstruktionen auf filigranen St\u00fctzen. Ob an der Autobahn, Bundesstra\u00dfe oder mit- ten in der Stadt: Werbet\u00fcrme erzielen bei Passanten enorm hohe Erinnerungs- und Wiedererkennungswerte.<br \/>\nDie T\u00fcrme bestehen aus einer Stahl- oder Betonkonstruktion, die allen \u00e4u\u00dferen Einfl\u00fcssen Stand halten und zudem gro\u00dfe Werbeanlagen sicher tragen.<\/p>\n<p>Masth\u00f6hen von 10 oder auch 30 m sind keine Seltenheit.<br \/>\nDie Stelen (S\u00e4ulen) tragen am oberen Ende zwei-, drei- oder vierseitige Werbefl\u00e4chen, die als Leuchtk\u00e4sten konzipiert sind oder als Werbefl\u00e4chen, die mittels Strahlern angeleuchtet werden.<\/p>\n<p>F\u00fcr die Herstellung von Werbet\u00fcrmen suchen Sie sich am besten einen Hersteller Ihres Vertrauens, der nicht nur die Werbeanlage fertigen kann, sondern auch Planung, Statik- und Fundamentberechnung, Baugenehmigung, Montage und Installation \u00fcbernimmt. Tipp: Da es sich um hochkomplexe Aufgaben handelt,<br \/>\nsollten Sie nach einem Hersteller suchen, der alle Leistungen aus einer Hand anbietet!<\/p>\n<p>Weitere Informationen siehe auch <a href=\"http:\/\/www.montageteam-profi.de\">www.montageteam-profi.de<\/a>, <a href=\"http:\/\/www.werbemast-profi.de\">www.werbemast-profi.de<\/a> und<br \/>\n<a href=\"http:\/\/www.werbeturm-profi.de\">www.werbeturm-profi.de<\/a>.<\/p>\n<\/div>\n<\/div>\n<\/div>\n","protected":false},"excerpt":{"rendered":"<p>Werbet\u00fcrme (auch Werbemasten genannt) \u00fcberragen die Umgebung und ziehen alle Blicke auf sich. Zahlreichen Rastst\u00e4tten, Einkaufszen- tren und M\u00f6belh\u00e4user setzen<\/p>\n","protected":false},"author":1,"featured_media":0,"parent":0,"menu_order":0,"comment_status":"closed","ping_status":"closed","template":"","meta":{"footnotes":""},"class_list":["post-181","page","type-page","status-publish","hentry"],"_links":{"self":[{"href":"http:\/\/www.aussenwerbung-profi.de\/index.php?rest_route=\/wp\/v2\/pages\/181","targetHints":{"allow":["GET"]}}],"collection":[{"href":"http:\/\/www.aussenwerbung-profi.de\/index.php?rest_route=\/wp\/v2\/pages"}],"about":[{"href":"http:\/\/www.aussenwerbung-profi.de\/index.php?rest_route=\/wp\/v2\/types\/page"}],"author":[{"embeddable":true,"href":"http:\/\/www.aussenwerbung-profi.de\/index.php?rest_route=\/wp\/v2\/users\/1"}],"replies":[{"embeddable":true,"href":"http:\/\/www.aussenwerbung-profi.de\/index.php?rest_route=%2Fwp%2Fv2%2Fcomments&post=181"}],"version-history":[{"count":10,"href":"http:\/\/www.aussenwerbung-profi.de\/index.php?rest_route=\/wp\/v2\/pages\/181\/revisions"}],"predecessor-version":[{"id":343,"href":"http:\/\/www.aussenwerbung-profi.de\/index.php?rest_route=\/wp\/v2\/pages\/181\/revisions\/343"}],"wp:attachment":[{"href":"http:\/\/www.aussenwerbung-profi.de\/index.php?rest_route=%2Fwp%2Fv2%2Fmedia&parent=181"}],"curies":[{"name":"wp","href":"https:\/\/api.w.org\/{rel}","templated":true}]}}